{"id":23,"date":"2016-08-03T13:03:41","date_gmt":"2016-08-03T13:03:41","guid":{"rendered":"https:\/\/themify.me\/demo\/themes\/ultra-agency\/?page_id=18"},"modified":"2022-02-14T10:11:14","modified_gmt":"2022-02-14T09:11:14","slug":"home","status":"publish","type":"page","link":"https:\/\/caelida.com\/","title":{"rendered":"Caelida Energy Consulting"},"content":{"rendered":"<p><!--themify_builder_static--><\/p>\n<h1>Caelida Energy Consulting<br \/>Partner energ\u00e9tico B2B<\/h1>\n<p>Somos una <strong>consultora energ\u00e9tica independiente e imparcial<\/strong> que, desde 2017, trabajamos\u00a0 para aumentar la competitividad de las empresas, en todos los \u00a0aspectos relacionados con la energ\u00eda.<\/p>\n<h2>\u00bfQu\u00e9 hacemos?<br \/>Nuestros servicios:<\/h2>\n<ul>\n<li>Negociaci\u00f3n de compra<\/li>\n<li>Informaci\u00f3n de mercado<\/li>\n<li>Compra agregada (Suma de\u00a0consumos)<\/li>\n<li>Gesti\u00f3n de ofertas<\/li>\n<li>Revisi\u00f3n de las cl\u00e1usulas contractuales<\/li>\n<li>Seguimiento de consumos<\/li>\n<li>Detecci\u00f3n de\u00a0\u00e1reas de ahorro<\/li>\n<\/ul>\n<p><img loading=\"lazy\" src=\"https:\/\/caelida.com\/wp-content\/uploads\/2022\/02\/mike-kononov-lFv0V3_2H6s-unsplash-1024x576-579x449.jpg\" width=\"579\" height=\"449\" title=\"mike-kononov-lFv0V3_2H6s-unsplash\" alt=\"mike-kononov-lFv0V3_2H6s-unsplash\"><\/p>\n<h2>\u00bfQu\u00e9 hacemos?<br \/>Nuestros servicios:<\/h2>\n<ul>\n<li>\n<h4>Negociaci\u00f3n de compra<\/h4>\n<p>La volatilidad de los precios de la energ\u00eda y los movimientos especulativos de los mercados, convierte la compra de energ\u00eda, en una tarea compleja.\u00a0<\/p>\n<p>El coste energ\u00e9tico gana peso, dentro del presupuesto anual de las empresas. A la hora de la negociar la compra de energ\u00eda, es vital contar con asesoramiento especializado, para una mejor evaluaci\u00f3n de las ofertas.\u00a0<\/p>\n<p>Esta decisi\u00f3n abarca tanto al tipo de producto, como a la duraci\u00f3n de los contratos.<\/p>\n<\/li>\n<li>\n<h4>Informaci\u00f3n de mercado<\/h4>\n<p>Elaboramos informes de seguimiento de los mercados energ\u00e9ticos, aportando una visi\u00f3n global, su evoluci\u00f3n reciente, as\u00ed como un an\u00e1lisis de las implicaciones de acontecimientos relevantes.<\/p>\n<p>Aportamos informaci\u00f3n sobre los acontecimientos y tendencias de los diferentes mercados energ\u00e9ticos, y como influye en el tipo de contrataci\u00f3n.<\/p>\n<\/li>\n<li>\n<h4>Gesti\u00f3n de ofertas<\/h4>\n<p>Obtenci\u00f3n con total\u00a0 independencia, de varias ofertas de distintas comercializadoras.\u00a0<\/p>\n<p>Asesoramiento y soporte en la toma de decisi\u00f3n por la empresa, dentro de una estrategia a largo plazo.<\/p>\n<\/li>\n<li>\n<h4>Revisi\u00f3n de las cl\u00e1usulas contractuales <\/h4>\n<p>En los contratos de larga duraci\u00f3n es muy importante que se sienten las bases de una relaci\u00f3n entre la empresa y\u00a0 la comercializadora, en t\u00e9rminos de igualdad entre las partes.\u00a0<\/p>\n<p>Detecci\u00f3n de <i>trick clauses<\/i>, indemnizaciones, permanencias\u2026..<\/p>\n<\/li>\n<li>\n<h4>Seguimiento de consumos<\/h4>\n<p>Monitorizaci\u00f3n de energ\u00eda: Para saber c\u00f3mo ahorrar energ\u00eda primero hay que saber c\u00f3mo se est\u00e1 consumiendo.<\/p>\n<\/li>\n<li>\n<h4>Detecci\u00f3n de \u00e1reas de ahorro<\/h4>\n<p>Gesti\u00f3n energ\u00e9tica: A partir de los datos obtenidos en la monitorizaci\u00f3n de energ\u00eda te planteamos propuestas de mejora de eficiencia energ\u00e9tica.<\/p>\n<\/li>\n<\/ul>\n<p><img loading=\"lazy\" src=\"https:\/\/caelida.com\/wp-content\/uploads\/2022\/02\/mike-kononov-lFv0V3_2H6s-unsplash-1024x576-561x420.jpg\" width=\"561\" height=\"420\" title=\"mike-kononov-lFv0V3_2H6s-unsplash\" alt=\"mike-kononov-lFv0V3_2H6s-unsplash\"><\/p>\n<h3>\u00bfPor qu\u00e9 externalizar la compra de energ\u00eda?<\/h3>\n<h5 style=\"text-align: left;\">En Caelida Consulting aportamos experiencia y especializaci\u00f3n<\/h5>\n<ul>\n<li style=\"text-align: left;\">La contrataci\u00f3n de la energ\u00eda es una tarea cada vez m\u00e1s \u00a0compleja.<\/li>\n<li style=\"text-align: left;\">Los precios son muy vol\u00e1tiles.<\/li>\n<li style=\"text-align: left;\">Regulaciones complicadas.<\/li>\n<li style=\"text-align: left;\">El coste energ\u00e9tico es cada vez mayor.<\/li>\n<\/ul>\n<p><a href=\"#contactar\" > Empiece a ahorrar energ\u00eda. Haga clic aqu\u00ed. <\/a><br \/>\n<img src=\"https:\/\/caelida.com\/wp-content\/uploads\/2022\/01\/jakub-kriz-4r_tHA3gsUY-unsplash-683x1024-333x500.jpg\" height=\"500\" title=\"jakub-kriz-4r_tHA3gsUY-unsplash\" alt=\"jakub-kriz-4r_tHA3gsUY-unsplash\" srcset=\"https:\/\/caelida.com\/wp-content\/uploads\/2022\/01\/jakub-kriz-4r_tHA3gsUY-unsplash-683x1024-333x500.jpg 333w, https:\/\/caelida.com\/wp-content\/uploads\/2022\/01\/jakub-kriz-4r_tHA3gsUY-unsplash-200x300.jpg 200w, https:\/\/caelida.com\/wp-content\/uploads\/2022\/01\/jakub-kriz-4r_tHA3gsUY-unsplash-683x1024.jpg 683w, https:\/\/caelida.com\/wp-content\/uploads\/2022\/01\/jakub-kriz-4r_tHA3gsUY-unsplash-768x1152.jpg 768w, https:\/\/caelida.com\/wp-content\/uploads\/2022\/01\/jakub-kriz-4r_tHA3gsUY-unsplash-1024x1536.jpg 1024w, https:\/\/caelida.com\/wp-content\/uploads\/2022\/01\/jakub-kriz-4r_tHA3gsUY-unsplash.jpg 1280w\" sizes=\"(max-width: 333px) 100vw, 333px\" \/><\/p>\n<h1>Nuestro proceso de trabajo<br \/>As\u00ed trabajamos para conseguir el m\u00e1ximo ahorro energ\u00e9tico en su empresa.<\/h1>\n<p><svg> <circle r=\"calc(50% - 1px)\" cx=\"50%\" cy=\"50%\" stroke-width=\"2\"\/> <circle r=\"calc(50% - 1px)\" cx=\"50%\" cy=\"50%\" stroke=\"#99b1d4\" stroke-width=\"2\" data-progress=\"100\" stroke-dasharray=\"0,10000\"\/> <\/svg> <em style=\"color:#163963\"><svg aria-hidden=\"true\"><use href=\"#tf-la-handshake\"><\/use><\/svg><\/em> <\/p>\n<h3> 1. Contratos de larga duraci\u00f3n y PPAS <\/h3>\n<p><svg> <circle r=\"calc(50% - 1px)\" cx=\"50%\" cy=\"50%\" stroke-width=\"2\"\/> <circle r=\"calc(50% - 1px)\" cx=\"50%\" cy=\"50%\" stroke=\"#99b1d4\" stroke-width=\"2\" data-progress=\"100\" stroke-dasharray=\"0,10000\"\/> <\/svg> <em style=\"color:#163963\"><svg aria-hidden=\"true\"><use href=\"#tf-la-chalkboard-solid\"><\/use><\/svg><\/em> <\/p>\n<h3> 2. Estrategia de ahorro <\/h3>\n<p><svg> <circle r=\"calc(50% - 1px)\" cx=\"50%\" cy=\"50%\" stroke-width=\"2\"\/> <circle r=\"calc(50% - 1px)\" cx=\"50%\" cy=\"50%\" stroke=\"#99b1d4\" stroke-width=\"2\" data-progress=\"100\" stroke-dasharray=\"0,10000\"\/> <\/svg> <em style=\"color:#163963\"><svg aria-hidden=\"true\"><use href=\"#tf-la-industry-solid\"><\/use><\/svg><\/em> <\/p>\n<h3> 3. Implantaci\u00f3n nuevas tecnolog\u00edas <\/h3>\n<h3>1. Contratos de larga duraci\u00f3n y PPAS<\/h3>\n<h5 style=\"text-align: left;\">Somos especialistas en Contratos de larga duraci\u00f3n y PPAS<\/h5>\n<p style=\"text-align: left;\">La compra a futuros, plasmada en contratos de largo recorrido y PPAS, nos permite\u00a0 aprovechar la ventaja que nos brindan los mercados, con el fin de\u00a0 estabilizar el coste energ\u00e9tico durante\u00a0 varios a\u00f1os.<\/p>\n<p><a href=\"#contactar\" > Pida un an\u00e1lisis personalizado <\/a><br \/>\n<img src=\"https:\/\/caelida.com\/wp-content\/uploads\/2022\/01\/manny-becerra-NgdhrwAx0J8-unsplash-1024x682-600x400.jpg\" height=\"400\" title=\"manny-becerra-NgdhrwAx0J8-unsplash\" alt=\"manny-becerra-NgdhrwAx0J8-unsplash\" srcset=\"https:\/\/caelida.com\/wp-content\/uploads\/2022\/01\/manny-becerra-NgdhrwAx0J8-unsplash-1024x682-600x400.jpg 600w, https:\/\/caelida.com\/wp-content\/uploads\/2022\/01\/manny-becerra-NgdhrwAx0J8-unsplash-300x200.jpg 300w, https:\/\/caelida.com\/wp-content\/uploads\/2022\/01\/manny-becerra-NgdhrwAx0J8-unsplash-1024x682.jpg 1024w, https:\/\/caelida.com\/wp-content\/uploads\/2022\/01\/manny-becerra-NgdhrwAx0J8-unsplash-768x512.jpg 768w, https:\/\/caelida.com\/wp-content\/uploads\/2022\/01\/manny-becerra-NgdhrwAx0J8-unsplash.jpg 1280w\" sizes=\"(max-width: 600px) 100vw, 600px\" \/><\/p>\n<h3>2. Estrategia de ahorro<\/h3>\n<h5 style=\"text-align: left;\">Estrategia y Plan de acci\u00f3n<\/h5>\n<p style=\"text-align: left;\">Dise\u00f1amos una estrategia basada en sus datos de consumo actuales, hacemos una proyecci\u00f3n a futuro y creamos un plan de acci\u00f3n adaptado a su empresa.<\/p>\n<p><a href=\"#contactar\" > \u00bfQuiere ahorrar energ\u00eda? <\/a><br \/>\n<img loading=\"lazy\" src=\"https:\/\/caelida.com\/wp-content\/uploads\/2022\/02\/Barco-de-GNL-1024x576-640x400.jpg\" width=\"640\" height=\"400\" title=\"Barco-de-GNL\" alt=\"Barco-de-GNL\"><br \/>\n<img loading=\"lazy\" src=\"https:\/\/caelida.com\/wp-content\/uploads\/2022\/02\/red-zeppelin-UVGE-o757-g-unsplash-1024x768-540x326.jpg\" width=\"540\" height=\"326\" title=\"red-zeppelin-UVGE-o757-g-unsplash\" alt=\"red-zeppelin-UVGE-o757-g-unsplash\"><\/p>\n<h3>3. Implantaci\u00f3n de nuevas tecnolog\u00edas<\/h3>\n<h5 style=\"text-align: left;\">Integraci\u00f3n de tecnolog\u00edas renovables<\/h5>\n<p style=\"text-align: left;\">Este es uno de los desaf\u00edos m\u00e1s grandes en el sector energ\u00e9tico y que m\u00e1s pueden favorecer a su empresa. Caelida Consulting se encargar\u00e1 de todo el proceso de implantaci\u00f3n de tecnolog\u00edas renovables para reducir los costes de la energ\u00eda y mejorar el medioambiente a largo plazo.<\/p>\n<p><a href=\"#contactar\" > contacte con caelida <\/a><\/p>\n<h3>Testimonios de clientes<\/h3>\n<h3>Ahorro considerable<\/h3>\n<p>Caelida Energy Consulting analiz\u00f3 nuestra situaci\u00f3n y nos gestion\u00f3 cambios en nuestros contratos de la luz que han supuesto un ahorro mensual muy interesante.\u00a0<\/p>\n<p>Los recomiendo abiertamente!<\/p>\n<figure> <img loading=\"lazy\" src=\"https:\/\/caelida.com\/wp-content\/uploads\/2021\/07\/man-1416141-1024x977-100x100.jpg\" width=\"100\" height=\"100\" alt=\"Ahorro considerable\" srcset=\"https:\/\/caelida.com\/wp-content\/uploads\/2021\/07\/man-1416141-1024x977-100x100.jpg 100w, https:\/\/caelida.com\/wp-content\/uploads\/2021\/07\/man-1416141-150x150.jpg 150w\" sizes=\"(max-width: 100px) 100vw, 100px\" \/> <\/figure>\n<p> Jose Delgado Director <a href=\"https:\/\/wecoach.es\">We Coach &#8211; Sport Software SL<\/a> <\/p>\n<h3>El gas fue la soluci\u00f3n!<\/h3>\n<p>Tras la visita de Carmen y Oriol de Caelida Energy Consulting recibimos su propuesta de implantaci\u00f3n de gas en mi pasteler\u00eda.<\/p>\n<p>Gracias a ellos las facturas de energ\u00eda (luz + gas) son ahora mucho menores que las que pagaba antes de su ayuda.<\/p>\n<figure> <img loading=\"lazy\" src=\"https:\/\/caelida.com\/wp-content\/uploads\/2021\/07\/headphones-820341-1024x682-100x100.jpg\" width=\"100\" height=\"100\" alt=\"El gas fue la soluci\u00f3n!\" srcset=\"https:\/\/caelida.com\/wp-content\/uploads\/2021\/07\/headphones-820341-1024x682-100x100.jpg 100w, https:\/\/caelida.com\/wp-content\/uploads\/2021\/07\/headphones-820341-150x150.jpg 150w, https:\/\/caelida.com\/wp-content\/uploads\/2021\/07\/headphones-820341-1024x682-50x50.jpg 50w\" sizes=\"(max-width: 100px) 100vw, 100px\" \/> <\/figure>\n<p> Laura Llopis Empresaria Pasteler\u00eda Llopis<\/p>\n<h3>Tu energ\u00eda en las mejores manos<\/h3>\n<p><a href=\"#contactar\" > Contactar <\/a><\/p>\n<h3>Acerca de nosotros\u00a0<\/h3>\n<p><strong>CAELIDA CONSULTING<\/strong> es una consultora independiente, especializada en el sector de la energ\u00eda, que trabaja con el objetivo de dise\u00f1ar la estrategia de su empresa, que permita mantener controlados los costes energ\u00e9ticos.\u00a0<\/p>\n<h3>Servicios<\/h3>\n<p>Ofrecemos un servicio constante y personalizado de consultor\u00eda energ\u00e9tica, trabajando en todas las \u00e1reas de su negocio, para aportar la soluci\u00f3n que mejor se adapte a las necesidades de su empresa.<\/p>\n<h3>Filosof\u00eda<\/h3>\n<p>Nuestro conocimiento y experiencia del mercado energ\u00e9tico, nos permite llevar a cabo una\u00a0 valoraci\u00f3n de la situaci\u00f3n actual de su empresa, elaborar un plan de acci\u00f3n para minimizar gasto y realizar el seguimiento de las acciones tomadas.<\/p>\n<h3>Valores<\/h3>\n<p>Confianza, seguridad, transparencia. Experiencia, Firme compromiso con nuestros clientes.<\/p>\n<h2>Caelida<\/h2>\n<p>P\u00f3ngase en contacto con nosotros para empezar a ahorrar en la factura de energ\u00eda de su empresa.<\/p>\n<p><a href=\"&quot;tel:+34 636 97 07 93&quot;\"> <em style=\"color: #2a3e59\"><svg aria-hidden=\"true\"><use href=\"#tf-fas-phone\"><\/use><\/svg><\/em> 636 97 07 93 <\/a> <a href=\"&quot;tel:+34 674 20 41 18&quot;\"> <em style=\"color: #2a3e59\"><svg aria-hidden=\"true\"><use href=\"#tf-fas-phone\"><\/use><\/svg><\/em> 674 20 41 18 <\/a> <em style=\"color: #2a3e59\"><svg aria-hidden=\"true\"><use href=\"#tf-far-envelope\"><\/use><\/svg><\/em> info@caelida.com <em style=\"color: #2a3e59\"><svg aria-hidden=\"true\"><use href=\"#tf-far-map-pin\"><\/use><\/svg><\/em> Barcelona y Valencia<br \/>\n<div role=\"form\" class=\"wpcf7\" id=\"wpcf7-f97-o1\" lang=\"es-ES\" dir=\"ltr\">\n<div class=\"screen-reader-response\"><p role=\"status\" aria-live=\"polite\" aria-atomic=\"true\"><\/p> <ul><\/ul><\/div>\n<form action=\"\/index.php?rest_route=%2Fwp%2Fv2%2Fpages%2F23#wpcf7-f97-o1\" method=\"post\" class=\"wpcf7-form init\" novalidate=\"novalidate\" data-status=\"init\">\n<div style=\"display: none;\">\n<input type=\"hidden\" name=\"_wpcf7\" value=\"97\" \/>\n<input type=\"hidden\" name=\"_wpcf7_version\" value=\"5.5.5\" \/>\n<input type=\"hidden\" name=\"_wpcf7_locale\" value=\"es_ES\" \/>\n<input type=\"hidden\" name=\"_wpcf7_unit_tag\" value=\"wpcf7-f97-o1\" \/>\n<input type=\"hidden\" name=\"_wpcf7_container_post\" value=\"0\" \/>\n<input type=\"hidden\" name=\"_wpcf7_posted_data_hash\" value=\"\" \/>\n<input type=\"hidden\" name=\"_wpcf7_recaptcha_response\" value=\"\" \/>\n<\/div>\n<p><label> Su nombre<br \/>\n    <span class=\"wpcf7-form-control-wrap your-name\"><input type=\"text\" name=\"your-name\" value=\"\" size=\"40\" class=\"wpcf7-form-control wpcf7-text wpcf7-validates-as-required\" aria-required=\"true\" aria-invalid=\"false\" \/><\/span> <\/label><\/p>\n<p><label> Su correo electr\u00f3nico<br \/>\n    <span class=\"wpcf7-form-control-wrap your-email\"><input type=\"email\" name=\"your-email\" value=\"\" size=\"40\" class=\"wpcf7-form-control wpcf7-text wpcf7-email wpcf7-validates-as-required wpcf7-validates-as-email\" aria-required=\"true\" aria-invalid=\"false\" \/><\/span> <\/label><\/p>\n<p><label> Asunto<br \/>\n    <span class=\"wpcf7-form-control-wrap your-subject\"><input type=\"text\" name=\"your-subject\" value=\"\" size=\"40\" class=\"wpcf7-form-control wpcf7-text wpcf7-validates-as-required\" aria-required=\"true\" aria-invalid=\"false\" \/><\/span> <\/label><\/p>\n<p><label> Su mensaje (opcional)<br \/>\n    <span class=\"wpcf7-form-control-wrap your-message\"><textarea name=\"your-message\" cols=\"40\" rows=\"10\" class=\"wpcf7-form-control wpcf7-textarea\" aria-invalid=\"false\"><\/textarea><\/span> <\/label><\/p>\n<p><input type=\"submit\" value=\"Enviar\" class=\"wpcf7-form-control has-spinner wpcf7-submit\" \/><\/p>\n<p style=\"display: none !important;\"><label>&#916;<textarea name=\"_wpcf7_ak_hp_textarea\" cols=\"45\" rows=\"8\" maxlength=\"100\"><\/textarea><\/label><input type=\"hidden\" id=\"ak_js_1\" name=\"_wpcf7_ak_js\" value=\"149\"\/><script>document.getElementById( \"ak_js_1\" ).setAttribute( \"value\", ( new Date() ).getTime() );<\/script><\/p><div class=\"wpcf7-response-output\" aria-hidden=\"true\"><\/div><\/form><\/div><!--\/themify_builder_static--><\/p>\n","protected":false},"excerpt":{"rendered":"<p>Caelida Energy ConsultingPartner energ\u00e9tico B2B Somos una consultora energ\u00e9tica independiente e imparcial que, desde 2017, trabajamos\u00a0 para aumentar la competitividad de las empresas, en todos los \u00a0aspectos relacionados con la energ\u00eda. \u00bfQu\u00e9 hacemos?Nuestros servicios: Negociaci\u00f3n de compra Informaci\u00f3n de mercado Compra agregada (Suma de\u00a0consumos) Gesti\u00f3n de ofertas Revisi\u00f3n de las cl\u00e1usulas contractuales Seguimiento de consumos [&hellip;]<\/p>\n","protected":false},"author":1,"featured_media":0,"parent":0,"menu_order":0,"comment_status":"closed","ping_status":"closed","template":"","meta":[],"_links":{"self":[{"href":"https:\/\/caelida.com\/index.php?rest_route=\/wp\/v2\/pages\/23"}],"collection":[{"href":"https:\/\/caelida.com\/index.php?rest_route=\/wp\/v2\/pages"}],"about":[{"href":"https:\/\/caelida.com\/index.php?rest_route=\/wp\/v2\/types\/page"}],"author":[{"embeddable":true,"href":"https:\/\/caelida.com\/index.php?rest_route=\/wp\/v2\/users\/1"}],"replies":[{"embeddable":true,"href":"https:\/\/caelida.com\/index.php?rest_route=%2Fwp%2Fv2%2Fcomments&post=23"}],"version-history":[{"count":83,"href":"https:\/\/caelida.com\/index.php?rest_route=\/wp\/v2\/pages\/23\/revisions"}],"predecessor-version":[{"id":207,"href":"https:\/\/caelida.com\/index.php?rest_route=\/wp\/v2\/pages\/23\/revisions\/207"}],"wp:attachment":[{"href":"https:\/\/caelida.com\/index.php?rest_route=%2Fwp%2Fv2%2Fmedia&parent=23"}],"curies":[{"name":"wp","href":"https:\/\/api.w.org\/{rel}","templated":true}]}}